{"id":429,"date":"2026-04-19T21:31:30","date_gmt":"2026-04-20T03:31:30","guid":{"rendered":"https:\/\/educaresincluir.com\/?post_type=product&#038;p=429"},"modified":"2026-04-19T21:31:30","modified_gmt":"2026-04-20T03:31:30","slug":"kit-barreras-para-el-aprendizaje-y-la-participacion","status":"publish","type":"product","link":"https:\/\/educaresincluir.com\/en\/product\/kit-barreras-para-el-aprendizaje-y-la-participacion\/","title":{"rendered":"KIT  Barreras para el Aprendizaje y la Participaci\u00f3n"},"content":{"rendered":"<p><span style=\"font-weight: 400;\">Este incre\u00edble Kit es el insumo perfecto para lograr sistematizar las BAP a las que los estudiantes se enfrentan para Aprender en los espacios escolares:<\/span><\/p>\n<ul>\n<li style=\"font-weight: 400;\" aria-level=\"1\"><span style=\"font-weight: 400;\">Consta de 4 instrumentos imprimibles acompa\u00f1ados de una gu\u00eda b\u00e1sica para su implementaci\u00f3n, con los cuales podr\u00e1s identificar las BAP en los contextos: Escolar, \u00e1ulico y sociofamiliar. Adem\u00e1s uno extra con indicadores m\u00e1s espec\u00edficos para uso en aulas donde hay mayor diversidad de estudiante.\u00a0<\/span><\/li>\n<li style=\"font-weight: 400;\" aria-level=\"1\"><span style=\"font-weight: 400;\">Hoja editable en formato excel con 3 recursos; 1 registro de priorizaci\u00f3n, 1 formato de seguimiento y 1 m\u00e1s para dar seguimiento a avances.<\/span><\/li>\n<li style=\"font-weight: 400;\" aria-level=\"1\"><span style=\"font-weight: 400;\">1 archivo con 4 instrumentos donde describen los indicadores de los instrumentos, de manera en que se planteen como BAP.\u00a0 En ellos\u00a0 podr\u00e1s encontrar acciones ejemplo para su eliminaci\u00f3n. <\/span><\/li>\n<\/ul>","protected":false},"excerpt":{"rendered":"<p>Este incre\u00edble Kit es el insumo perfecto para lograr sistematizar las BAP a las que los estudiantes se enfrentan para Aprender en los espacios escolares: Consta de 4 instrumentos imprimibles acompa\u00f1ados de una gu\u00eda b\u00e1sica para su implementaci\u00f3n, con los cuales podr\u00e1s identificar las BAP en los contextos: Escolar, \u00e1ulico y sociofamiliar. Adem\u00e1s uno extra&#8230;<\/p>","protected":false},"featured_media":430,"comment_status":"open","ping_status":"closed","template":"","meta":{"_kad_post_transparent":"default","_kad_post_title":"","_kad_post_layout":"default","_kad_post_sidebar_id":"","_kad_post_content_style":"default","_kad_post_vertical_padding":"default","_kad_post_feature":"","_kad_post_feature_position":"","_kad_post_header":false,"_kad_post_footer":false,"_kad_post_classname":""},"product_brand":[],"product_cat":[16],"product_tag":[],"class_list":{"0":"post-429","1":"product","2":"type-product","3":"status-publish","4":"has-post-thumbnail","6":"product_cat-sin-categorizar","8":"first","9":"instock","10":"downloadable","11":"virtual","12":"taxable","13":"purchasable","14":"product-type-simple","15":"entry","16":"content-bg","17":"loop-entry"},"_links":{"self":[{"href":"https:\/\/educaresincluir.com\/en\/wp-json\/wp\/v2\/product\/429","targetHints":{"allow":["GET"]}}],"collection":[{"href":"https:\/\/educaresincluir.com\/en\/wp-json\/wp\/v2\/product"}],"about":[{"href":"https:\/\/educaresincluir.com\/en\/wp-json\/wp\/v2\/types\/product"}],"replies":[{"embeddable":true,"href":"https:\/\/educaresincluir.com\/en\/wp-json\/wp\/v2\/comments?post=429"}],"wp:featuredmedia":[{"embeddable":true,"href":"https:\/\/educaresincluir.com\/en\/wp-json\/wp\/v2\/media\/430"}],"wp:attachment":[{"href":"https:\/\/educaresincluir.com\/en\/wp-json\/wp\/v2\/media?parent=429"}],"wp:term":[{"taxonomy":"product_brand","embeddable":true,"href":"https:\/\/educaresincluir.com\/en\/wp-json\/wp\/v2\/product_brand?post=429"},{"taxonomy":"product_cat","embeddable":true,"href":"https:\/\/educaresincluir.com\/en\/wp-json\/wp\/v2\/product_cat?post=429"},{"taxonomy":"product_tag","embeddable":true,"href":"https:\/\/educaresincluir.com\/en\/wp-json\/wp\/v2\/product_tag?post=429"}],"curies":[{"name":"wp","href":"https:\/\/api.w.org\/{rel}","templated":true}]}}