{"id":385,"date":"2026-02-28T21:27:04","date_gmt":"2026-03-01T03:27:04","guid":{"rendered":"https:\/\/educaresincluir.com\/?post_type=product&#038;p=385"},"modified":"2026-02-28T21:27:04","modified_gmt":"2026-03-01T03:27:04","slug":"kit-marzo-sindrome-de-down","status":"publish","type":"product","link":"https:\/\/educaresincluir.com\/en\/product\/kit-marzo-sindrome-de-down\/","title":{"rendered":"KIT MARZO- SINDROME DE DOWN"},"content":{"rendered":"<p>La carpeta Sindrome down contiene un total de 18 archivos, predominantemente archivos PDF (15), adem\u00e1s de una subcarpeta (KIT MITO VERDAD. MACRO). El contenido est\u00e1 altamente enfocado en materiales educativos y de concientizaci\u00f3n sobre el S\u00edndrome de Down,<\/p>","protected":false},"excerpt":{"rendered":"<p>La carpeta Sindrome down contiene un total de 18 archivos, predominantemente archivos PDF (15), adem\u00e1s de una subcarpeta (KIT MITO VERDAD. MACRO). El contenido est\u00e1 altamente enfocado en materiales educativos y de concientizaci\u00f3n sobre el S\u00edndrome de Down,<\/p>","protected":false},"featured_media":389,"comment_status":"open","ping_status":"closed","template":"","meta":{"_kad_post_transparent":"default","_kad_post_title":"","_kad_post_layout":"default","_kad_post_sidebar_id":"","_kad_post_content_style":"default","_kad_post_vertical_padding":"default","_kad_post_feature":"","_kad_post_feature_position":"","_kad_post_header":false,"_kad_post_footer":false,"_kad_post_classname":""},"product_brand":[],"product_cat":[16],"product_tag":[],"class_list":{"0":"post-385","1":"product","2":"type-product","3":"status-publish","4":"has-post-thumbnail","6":"product_cat-sin-categorizar","8":"first","9":"instock","10":"downloadable","11":"virtual","12":"taxable","13":"purchasable","14":"product-type-simple","15":"entry","16":"content-bg","17":"loop-entry"},"_links":{"self":[{"href":"https:\/\/educaresincluir.com\/en\/wp-json\/wp\/v2\/product\/385","targetHints":{"allow":["GET"]}}],"collection":[{"href":"https:\/\/educaresincluir.com\/en\/wp-json\/wp\/v2\/product"}],"about":[{"href":"https:\/\/educaresincluir.com\/en\/wp-json\/wp\/v2\/types\/product"}],"replies":[{"embeddable":true,"href":"https:\/\/educaresincluir.com\/en\/wp-json\/wp\/v2\/comments?post=385"}],"wp:featuredmedia":[{"embeddable":true,"href":"https:\/\/educaresincluir.com\/en\/wp-json\/wp\/v2\/media\/389"}],"wp:attachment":[{"href":"https:\/\/educaresincluir.com\/en\/wp-json\/wp\/v2\/media?parent=385"}],"wp:term":[{"taxonomy":"product_brand","embeddable":true,"href":"https:\/\/educaresincluir.com\/en\/wp-json\/wp\/v2\/product_brand?post=385"},{"taxonomy":"product_cat","embeddable":true,"href":"https:\/\/educaresincluir.com\/en\/wp-json\/wp\/v2\/product_cat?post=385"},{"taxonomy":"product_tag","embeddable":true,"href":"https:\/\/educaresincluir.com\/en\/wp-json\/wp\/v2\/product_tag?post=385"}],"curies":[{"name":"wp","href":"https:\/\/api.w.org\/{rel}","templated":true}]}}