{"id":379,"date":"2026-02-27T15:52:43","date_gmt":"2026-02-27T21:52:43","guid":{"rendered":"https:\/\/educaresincluir.com\/?post_type=product&#038;p=379"},"modified":"2026-02-27T15:52:43","modified_gmt":"2026-02-27T21:52:43","slug":"proyecto-oso","status":"publish","type":"product","link":"https:\/\/educaresincluir.com\/en\/product\/proyecto-oso\/","title":{"rendered":"PROYECTO OSO"},"content":{"rendered":"<p>Proyecto Oso es una estrategia de evaluaci\u00f3n colaborativa, donde participan diversos miembros cercanos a los estudiantes y juntos, buscan mejorar los apoyos y procesos de un peque\u00f1o osito.<\/p>\n<p>Incluye macro p\u00f3ster, presentaci\u00f3n e imprimibles.<\/p>","protected":false},"excerpt":{"rendered":"<p>Proyecto Oso es una estrategia de evaluaci\u00f3n colaborativa, donde participan diversos miembros cercanos a los estudiantes y juntos, buscan mejorar los apoyos y procesos de un peque\u00f1o osito. Incluye macro p\u00f3ster, presentaci\u00f3n e imprimibles.<\/p>","protected":false},"featured_media":380,"comment_status":"open","ping_status":"closed","template":"","meta":{"_kad_post_transparent":"default","_kad_post_title":"","_kad_post_layout":"default","_kad_post_sidebar_id":"","_kad_post_content_style":"default","_kad_post_vertical_padding":"default","_kad_post_feature":"","_kad_post_feature_position":"","_kad_post_header":false,"_kad_post_footer":false,"_kad_post_classname":""},"product_brand":[],"product_cat":[16],"product_tag":[],"class_list":{"0":"post-379","1":"product","2":"type-product","3":"status-publish","4":"has-post-thumbnail","6":"product_cat-sin-categorizar","8":"first","9":"instock","10":"downloadable","11":"virtual","12":"taxable","13":"purchasable","14":"product-type-simple","15":"entry","16":"content-bg","17":"loop-entry"},"_links":{"self":[{"href":"https:\/\/educaresincluir.com\/en\/wp-json\/wp\/v2\/product\/379","targetHints":{"allow":["GET"]}}],"collection":[{"href":"https:\/\/educaresincluir.com\/en\/wp-json\/wp\/v2\/product"}],"about":[{"href":"https:\/\/educaresincluir.com\/en\/wp-json\/wp\/v2\/types\/product"}],"replies":[{"embeddable":true,"href":"https:\/\/educaresincluir.com\/en\/wp-json\/wp\/v2\/comments?post=379"}],"wp:featuredmedia":[{"embeddable":true,"href":"https:\/\/educaresincluir.com\/en\/wp-json\/wp\/v2\/media\/380"}],"wp:attachment":[{"href":"https:\/\/educaresincluir.com\/en\/wp-json\/wp\/v2\/media?parent=379"}],"wp:term":[{"taxonomy":"product_brand","embeddable":true,"href":"https:\/\/educaresincluir.com\/en\/wp-json\/wp\/v2\/product_brand?post=379"},{"taxonomy":"product_cat","embeddable":true,"href":"https:\/\/educaresincluir.com\/en\/wp-json\/wp\/v2\/product_cat?post=379"},{"taxonomy":"product_tag","embeddable":true,"href":"https:\/\/educaresincluir.com\/en\/wp-json\/wp\/v2\/product_tag?post=379"}],"curies":[{"name":"wp","href":"https:\/\/api.w.org\/{rel}","templated":true}]}}