{"id":330,"date":"2026-02-19T11:01:46","date_gmt":"2026-02-19T17:01:46","guid":{"rendered":"https:\/\/educaresincluir.com\/?post_type=product&#038;p=330"},"modified":"2026-02-19T11:01:46","modified_gmt":"2026-02-19T17:01:46","slug":"paquete-lenguaje-inclusivo","status":"publish","type":"product","link":"https:\/\/educaresincluir.com\/en\/product\/paquete-lenguaje-inclusivo\/","title":{"rendered":"PAQUETE LENGUAJE INCLUSIVO"},"content":{"rendered":"<p>4 tama\u00f1os de p\u00f3ster de lenguaje inclusivo de las discapacidades y condiciones.<br \/>\n2 tama\u00f1os de folletos (para impresora de casa )<br \/>\n1 p\u00f3ster de 100 cm<\/p>","protected":false},"excerpt":{"rendered":"<p>4 tama\u00f1os de p\u00f3ster de lenguaje inclusivo de las discapacidades y condiciones. 2 tama\u00f1os de folletos (para impresora de casa ) 1 p\u00f3ster de 100 cm<\/p>","protected":false},"featured_media":331,"comment_status":"open","ping_status":"closed","template":"","meta":{"_kad_post_transparent":"default","_kad_post_title":"","_kad_post_layout":"default","_kad_post_sidebar_id":"","_kad_post_content_style":"default","_kad_post_vertical_padding":"default","_kad_post_feature":"","_kad_post_feature_position":"","_kad_post_header":false,"_kad_post_footer":false,"_kad_post_classname":""},"product_brand":[],"product_cat":[16],"product_tag":[],"class_list":{"0":"post-330","1":"product","2":"type-product","3":"status-publish","4":"has-post-thumbnail","6":"product_cat-sin-categorizar","8":"first","9":"instock","10":"downloadable","11":"virtual","12":"taxable","13":"purchasable","14":"product-type-simple","15":"entry","16":"content-bg","17":"loop-entry"},"_links":{"self":[{"href":"https:\/\/educaresincluir.com\/en\/wp-json\/wp\/v2\/product\/330","targetHints":{"allow":["GET"]}}],"collection":[{"href":"https:\/\/educaresincluir.com\/en\/wp-json\/wp\/v2\/product"}],"about":[{"href":"https:\/\/educaresincluir.com\/en\/wp-json\/wp\/v2\/types\/product"}],"replies":[{"embeddable":true,"href":"https:\/\/educaresincluir.com\/en\/wp-json\/wp\/v2\/comments?post=330"}],"wp:featuredmedia":[{"embeddable":true,"href":"https:\/\/educaresincluir.com\/en\/wp-json\/wp\/v2\/media\/331"}],"wp:attachment":[{"href":"https:\/\/educaresincluir.com\/en\/wp-json\/wp\/v2\/media?parent=330"}],"wp:term":[{"taxonomy":"product_brand","embeddable":true,"href":"https:\/\/educaresincluir.com\/en\/wp-json\/wp\/v2\/product_brand?post=330"},{"taxonomy":"product_cat","embeddable":true,"href":"https:\/\/educaresincluir.com\/en\/wp-json\/wp\/v2\/product_cat?post=330"},{"taxonomy":"product_tag","embeddable":true,"href":"https:\/\/educaresincluir.com\/en\/wp-json\/wp\/v2\/product_tag?post=330"}],"curies":[{"name":"wp","href":"https:\/\/api.w.org\/{rel}","templated":true}]}}