{"id":278,"date":"2026-02-14T19:51:40","date_gmt":"2026-02-15T01:51:40","guid":{"rendered":"https:\/\/educaresincluir.com\/?post_type=product&#038;p=278"},"modified":"2026-02-18T16:04:03","modified_gmt":"2026-02-18T22:04:03","slug":"guia-autismo","status":"publish","type":"product","link":"https:\/\/educaresincluir.com\/en\/product\/guia-autismo\/","title":{"rendered":"GU\u00cdA AUTISMO"},"content":{"rendered":"<p>La gu\u00eda basica para el apoyo en espacios de aprendizaje, es una propuesta de apoyo did\u00e1ctico para toda aquella figura educativa que se encuentre ante el reto de la atenci\u00f3n pedag\u00f3gica de un estudiante en condici\u00f3n de autismo.<\/p>\n<p>Este recurso, tiene la finalidad de orientar de manera amorosa, humana y bajo el principio de inclusi\u00f3n, a quienes la usen, contemplando aquellos elementos a considerar para mejorar la participaci\u00f3n, aprendizaje e inclusi\u00f3n educativa de estudiantes neurodivergentes.<\/p>","protected":false},"excerpt":{"rendered":"<p>La gu\u00eda basica para el apoyo en espacios de aprendizaje, es una propuesta de apoyo did\u00e1ctico para toda aquella figura educativa que se encuentre ante el reto de la atenci\u00f3n pedag\u00f3gica de un estudiante en condici\u00f3n de autismo. Este recurso, tiene la finalidad de orientar de manera amorosa, humana y bajo el principio de inclusi\u00f3n,&#8230;<\/p>","protected":false},"featured_media":279,"comment_status":"open","ping_status":"closed","template":"","meta":{"_kad_post_transparent":"default","_kad_post_title":"","_kad_post_layout":"default","_kad_post_sidebar_id":"","_kad_post_content_style":"default","_kad_post_vertical_padding":"default","_kad_post_feature":"","_kad_post_feature_position":"","_kad_post_header":false,"_kad_post_footer":false,"_kad_post_classname":""},"product_brand":[],"product_cat":[16],"product_tag":[],"class_list":{"0":"post-278","1":"product","2":"type-product","3":"status-publish","4":"has-post-thumbnail","6":"product_cat-sin-categorizar","8":"first","9":"instock","10":"downloadable","11":"virtual","12":"taxable","13":"purchasable","14":"product-type-simple","15":"entry","16":"content-bg","17":"loop-entry"},"_links":{"self":[{"href":"https:\/\/educaresincluir.com\/en\/wp-json\/wp\/v2\/product\/278","targetHints":{"allow":["GET"]}}],"collection":[{"href":"https:\/\/educaresincluir.com\/en\/wp-json\/wp\/v2\/product"}],"about":[{"href":"https:\/\/educaresincluir.com\/en\/wp-json\/wp\/v2\/types\/product"}],"replies":[{"embeddable":true,"href":"https:\/\/educaresincluir.com\/en\/wp-json\/wp\/v2\/comments?post=278"}],"wp:featuredmedia":[{"embeddable":true,"href":"https:\/\/educaresincluir.com\/en\/wp-json\/wp\/v2\/media\/279"}],"wp:attachment":[{"href":"https:\/\/educaresincluir.com\/en\/wp-json\/wp\/v2\/media?parent=278"}],"wp:term":[{"taxonomy":"product_brand","embeddable":true,"href":"https:\/\/educaresincluir.com\/en\/wp-json\/wp\/v2\/product_brand?post=278"},{"taxonomy":"product_cat","embeddable":true,"href":"https:\/\/educaresincluir.com\/en\/wp-json\/wp\/v2\/product_cat?post=278"},{"taxonomy":"product_tag","embeddable":true,"href":"https:\/\/educaresincluir.com\/en\/wp-json\/wp\/v2\/product_tag?post=278"}],"curies":[{"name":"wp","href":"https:\/\/api.w.org\/{rel}","templated":true}]}}