{"id":203,"date":"2026-01-26T11:05:47","date_gmt":"2026-01-26T17:05:47","guid":{"rendered":"https:\/\/educaresincluir.com\/?post_type=product&#038;p=203"},"modified":"2026-01-28T13:31:47","modified_gmt":"2026-01-28T19:31:47","slug":"paquete-febrero-inclusivo","status":"publish","type":"product","link":"https:\/\/educaresincluir.com\/en\/product\/paquete-febrero-inclusivo\/","title":{"rendered":"PAQUETE FEBRERO &#8211;  INCLUSIVO"},"content":{"rendered":"<p>Material diverso para utilizar en PREESCOLAR-PRIMARIA-CAM-GENERAL-USAER-UDEEI<\/p>\n<p>Diversos recursos de apoyo para continuar trabajando en pro de la inclusi\u00f3n, los valores y las habilidades blandas. \ud83e\ude77\u2728 P\u00f3ster, juegos imprimibles , peri\u00f3dico \ud83d\udcf0 mural tem\u00e1tico, etc<\/p>\n<p><strong>Material:<\/strong><\/p>\n<ul>\n<li>Afirmaciones (valores inclusivos)<\/li>\n<li>Banderines de coraz\u00f3n<\/li>\n<li>Proyecto aulico.<\/li>\n<li>Memorama inclusivo: 3 tama\u00f1os.<\/li>\n<li>Pulsera gigante Swift.<\/li>\n<li>Letrero \u00abFEBRERO\u00bb<\/li>\n<li>Actividad did\u00e1ctica \u00abTendedero: Somos diferentes, somos iguales\u00bb<\/li>\n<\/ul>","protected":false},"excerpt":{"rendered":"<p>Material diverso para utilizar en PREESCOLAR-PRIMARIA-CAM-GENERAL-USAER-UDEEI Diversos recursos de apoyo para continuar trabajando en pro de la inclusi\u00f3n, los valores y las habilidades blandas. \ud83e\ude77\u2728 P\u00f3ster, juegos imprimibles , peri\u00f3dico \ud83d\udcf0 mural tem\u00e1tico, etc Material: Afirmaciones (valores inclusivos) Banderines de coraz\u00f3n Proyecto aulico. Memorama inclusivo: 3 tama\u00f1os. Pulsera gigante Swift. Letrero \u00abFEBRERO\u00bb Actividad did\u00e1ctica \u00abTendedero:&#8230;<\/p>","protected":false},"featured_media":205,"comment_status":"open","ping_status":"closed","template":"","meta":{"_kad_post_transparent":"default","_kad_post_title":"","_kad_post_layout":"default","_kad_post_sidebar_id":"","_kad_post_content_style":"default","_kad_post_vertical_padding":"default","_kad_post_feature":"","_kad_post_feature_position":"","_kad_post_header":false,"_kad_post_footer":false,"_kad_post_classname":""},"product_brand":[],"product_cat":[16],"product_tag":[],"class_list":{"0":"post-203","1":"product","2":"type-product","3":"status-publish","4":"has-post-thumbnail","6":"product_cat-sin-categorizar","8":"first","9":"instock","10":"downloadable","11":"virtual","12":"taxable","13":"purchasable","14":"product-type-simple","15":"entry","16":"content-bg","17":"loop-entry"},"_links":{"self":[{"href":"https:\/\/educaresincluir.com\/en\/wp-json\/wp\/v2\/product\/203","targetHints":{"allow":["GET"]}}],"collection":[{"href":"https:\/\/educaresincluir.com\/en\/wp-json\/wp\/v2\/product"}],"about":[{"href":"https:\/\/educaresincluir.com\/en\/wp-json\/wp\/v2\/types\/product"}],"replies":[{"embeddable":true,"href":"https:\/\/educaresincluir.com\/en\/wp-json\/wp\/v2\/comments?post=203"}],"wp:featuredmedia":[{"embeddable":true,"href":"https:\/\/educaresincluir.com\/en\/wp-json\/wp\/v2\/media\/205"}],"wp:attachment":[{"href":"https:\/\/educaresincluir.com\/en\/wp-json\/wp\/v2\/media?parent=203"}],"wp:term":[{"taxonomy":"product_brand","embeddable":true,"href":"https:\/\/educaresincluir.com\/en\/wp-json\/wp\/v2\/product_brand?post=203"},{"taxonomy":"product_cat","embeddable":true,"href":"https:\/\/educaresincluir.com\/en\/wp-json\/wp\/v2\/product_cat?post=203"},{"taxonomy":"product_tag","embeddable":true,"href":"https:\/\/educaresincluir.com\/en\/wp-json\/wp\/v2\/product_tag?post=203"}],"curies":[{"name":"wp","href":"https:\/\/api.w.org\/{rel}","templated":true}]}}