{"id":185,"date":"2026-01-25T21:18:35","date_gmt":"2026-01-26T03:18:35","guid":{"rendered":"https:\/\/educaresincluir.com\/?post_type=product&#038;p=185"},"modified":"2026-01-25T21:18:35","modified_gmt":"2026-01-26T03:18:35","slug":"actividad-didactica-tendedero-somos-diferentes-somos-iguales","status":"publish","type":"product","link":"https:\/\/educaresincluir.com\/en\/product\/actividad-didactica-tendedero-somos-diferentes-somos-iguales\/","title":{"rendered":"ACTIVIDAD DID\u00c1CTICA TENDEDERO SOMOS DIFERENTES SOMOS IGUALES"},"content":{"rendered":"<p>Actividad did\u00e1ctica que tiene como prop\u00f3sito, favorecer el reconocimiento de las caracter\u00edsticas, habilidades y capacidades de cada estudiante, promoviendo la autoestima, la inclusi\u00f3n, la amistad y el respeto a la diversidad dentro de un grupo. Ideal como acercamiento hacia la eliminaci\u00f3n de BAP actitudinales. De manera creativa y art\u00edstica.<\/p>","protected":false},"excerpt":{"rendered":"<p>Actividad did\u00e1ctica que tiene como prop\u00f3sito, favorecer el reconocimiento de las caracter\u00edsticas, habilidades y capacidades de cada estudiante, promoviendo la autoestima, la inclusi\u00f3n, la amistad y el respeto a la diversidad dentro de un grupo. Ideal como acercamiento hacia la eliminaci\u00f3n de BAP actitudinales. De manera creativa y art\u00edstica.<\/p>","protected":false},"featured_media":186,"comment_status":"open","ping_status":"closed","template":"","meta":{"_kad_post_transparent":"default","_kad_post_title":"","_kad_post_layout":"default","_kad_post_sidebar_id":"","_kad_post_content_style":"default","_kad_post_vertical_padding":"default","_kad_post_feature":"","_kad_post_feature_position":"","_kad_post_header":false,"_kad_post_footer":false,"_kad_post_classname":""},"product_brand":[],"product_cat":[16],"product_tag":[],"class_list":{"0":"post-185","1":"product","2":"type-product","3":"status-publish","4":"has-post-thumbnail","6":"product_cat-sin-categorizar","8":"first","9":"instock","10":"downloadable","11":"virtual","12":"taxable","13":"purchasable","14":"product-type-simple","15":"entry","16":"content-bg","17":"loop-entry"},"_links":{"self":[{"href":"https:\/\/educaresincluir.com\/en\/wp-json\/wp\/v2\/product\/185","targetHints":{"allow":["GET"]}}],"collection":[{"href":"https:\/\/educaresincluir.com\/en\/wp-json\/wp\/v2\/product"}],"about":[{"href":"https:\/\/educaresincluir.com\/en\/wp-json\/wp\/v2\/types\/product"}],"replies":[{"embeddable":true,"href":"https:\/\/educaresincluir.com\/en\/wp-json\/wp\/v2\/comments?post=185"}],"wp:featuredmedia":[{"embeddable":true,"href":"https:\/\/educaresincluir.com\/en\/wp-json\/wp\/v2\/media\/186"}],"wp:attachment":[{"href":"https:\/\/educaresincluir.com\/en\/wp-json\/wp\/v2\/media?parent=185"}],"wp:term":[{"taxonomy":"product_brand","embeddable":true,"href":"https:\/\/educaresincluir.com\/en\/wp-json\/wp\/v2\/product_brand?post=185"},{"taxonomy":"product_cat","embeddable":true,"href":"https:\/\/educaresincluir.com\/en\/wp-json\/wp\/v2\/product_cat?post=185"},{"taxonomy":"product_tag","embeddable":true,"href":"https:\/\/educaresincluir.com\/en\/wp-json\/wp\/v2\/product_tag?post=185"}],"curies":[{"name":"wp","href":"https:\/\/api.w.org\/{rel}","templated":true}]}}