{"id":177,"date":"2026-01-25T16:42:33","date_gmt":"2026-01-25T22:42:33","guid":{"rendered":"https:\/\/educaresincluir.com\/?post_type=product&#038;p=177"},"modified":"2026-01-25T16:42:33","modified_gmt":"2026-01-25T22:42:33","slug":"memorama-valores-inclusivos","status":"publish","type":"product","link":"https:\/\/educaresincluir.com\/en\/product\/memorama-valores-inclusivos\/","title":{"rendered":"MEMORAMA VALORES INCLUSIVOS"},"content":{"rendered":"<p><span style=\"font-weight: 400;\">Un recurso did\u00e1ctico dise\u00f1ado para fortalecer la convivencia escolar a trav\u00e9s del juego. El <\/span><b>Memorama de Valores Inclusivos<\/b><span style=\"font-weight: 400;\"> invita a las y los estudiantes a reconocer y practicar valores fundamentales como el respeto, la amistad, la amabilidad, la empat\u00eda y la inclusi\u00f3n, mientras desarrollan habilidades cognitivas como la atenci\u00f3n, la memoria y la concentraci\u00f3n.<\/span><\/p>\n<p><span style=\"font-weight: 400;\">Es ideal para trabajar en grupo, en rincones de aprendizaje o como actividad permanente, promoviendo un ambiente escolar m\u00e1s respetuoso y colaborativo.<\/span><\/p>\n<p><b>Recomendado para:<\/b><span style=\"font-weight: 400;\"> preescolar y primaria<\/span><span style=\"font-weight: 400;\"><br \/>\n<\/span> <b>Uso:<\/b><span style=\"font-weight: 400;\"> aula, educaci\u00f3n socioemocional, convivencia escolar.<\/span><\/p>","protected":false},"excerpt":{"rendered":"<p>Un recurso did\u00e1ctico dise\u00f1ado para fortalecer la convivencia escolar a trav\u00e9s del juego. El Memorama de Valores Inclusivos invita a las y los estudiantes a reconocer y practicar valores fundamentales como el respeto, la amistad, la amabilidad, la empat\u00eda y la inclusi\u00f3n, mientras desarrollan habilidades cognitivas como la atenci\u00f3n, la memoria y la concentraci\u00f3n. Es&#8230;<\/p>","protected":false},"featured_media":179,"comment_status":"open","ping_status":"closed","template":"","meta":{"_kad_post_transparent":"default","_kad_post_title":"","_kad_post_layout":"default","_kad_post_sidebar_id":"","_kad_post_content_style":"default","_kad_post_vertical_padding":"default","_kad_post_feature":"","_kad_post_feature_position":"","_kad_post_header":false,"_kad_post_footer":false,"_kad_post_classname":""},"product_brand":[],"product_cat":[16],"product_tag":[],"class_list":{"0":"post-177","1":"product","2":"type-product","3":"status-publish","4":"has-post-thumbnail","6":"product_cat-sin-categorizar","8":"first","9":"instock","10":"downloadable","11":"virtual","12":"taxable","13":"purchasable","14":"product-type-simple","15":"entry","16":"content-bg","17":"loop-entry"},"_links":{"self":[{"href":"https:\/\/educaresincluir.com\/en\/wp-json\/wp\/v2\/product\/177","targetHints":{"allow":["GET"]}}],"collection":[{"href":"https:\/\/educaresincluir.com\/en\/wp-json\/wp\/v2\/product"}],"about":[{"href":"https:\/\/educaresincluir.com\/en\/wp-json\/wp\/v2\/types\/product"}],"replies":[{"embeddable":true,"href":"https:\/\/educaresincluir.com\/en\/wp-json\/wp\/v2\/comments?post=177"}],"wp:featuredmedia":[{"embeddable":true,"href":"https:\/\/educaresincluir.com\/en\/wp-json\/wp\/v2\/media\/179"}],"wp:attachment":[{"href":"https:\/\/educaresincluir.com\/en\/wp-json\/wp\/v2\/media?parent=177"}],"wp:term":[{"taxonomy":"product_brand","embeddable":true,"href":"https:\/\/educaresincluir.com\/en\/wp-json\/wp\/v2\/product_brand?post=177"},{"taxonomy":"product_cat","embeddable":true,"href":"https:\/\/educaresincluir.com\/en\/wp-json\/wp\/v2\/product_cat?post=177"},{"taxonomy":"product_tag","embeddable":true,"href":"https:\/\/educaresincluir.com\/en\/wp-json\/wp\/v2\/product_tag?post=177"}],"curies":[{"name":"wp","href":"https:\/\/api.w.org\/{rel}","templated":true}]}}