{"id":128,"date":"2026-01-18T23:58:50","date_gmt":"2026-01-19T05:58:50","guid":{"rendered":"https:\/\/educaresincluir.com\/?post_type=product&#038;p=128"},"modified":"2026-01-25T11:49:37","modified_gmt":"2026-01-25T17:49:37","slug":"evaluacion-por-contenidos-pda-fase-3","status":"publish","type":"product","link":"https:\/\/educaresincluir.com\/en\/product\/evaluacion-por-contenidos-pda-fase-3\/","title":{"rendered":"Evaluaci\u00f3n por contenidos\/PDA. FASE 3"},"content":{"rendered":"<ul>\n<li style=\"font-weight: 400;\" aria-level=\"1\"><span style=\"font-weight: 400;\">1 cuadernillo individual de aplicaci\u00f3n de evaluaci\u00f3n.<\/span><\/li>\n<li style=\"font-weight: 400;\" aria-level=\"1\"><span style=\"font-weight: 400;\">1 listado de recomendaciones de ajustes razonables para la aplicaci\u00f3n.<\/span><\/li>\n<li style=\"font-weight: 400;\" aria-level=\"1\"><span style=\"font-weight: 400;\">Lista de progreso y de registro de aprendizajes.<\/span><\/li>\n<li style=\"font-weight: 400;\" aria-level=\"1\"><span style=\"font-weight: 400;\">Dosificaci\u00f3n de Contenidos\/PDA de la evaluaci\u00f3n.<\/span><\/li>\n<li style=\"font-weight: 400;\" aria-level=\"1\"><span style=\"font-weight: 400;\">Perfil grupal editable para llenado.<\/span><\/li>\n<\/ul>","protected":false},"excerpt":{"rendered":"<p>1 cuadernillo individual de aplicaci\u00f3n de evaluaci\u00f3n. 1 listado de recomendaciones de ajustes razonables para la aplicaci\u00f3n. Lista de progreso y de registro de aprendizajes. Dosificaci\u00f3n de Contenidos\/PDA de la evaluaci\u00f3n. Perfil grupal editable para llenado.<\/p>","protected":false},"featured_media":140,"comment_status":"open","ping_status":"closed","template":"","meta":{"_kad_post_transparent":"default","_kad_post_title":"","_kad_post_layout":"default","_kad_post_sidebar_id":"","_kad_post_content_style":"default","_kad_post_vertical_padding":"default","_kad_post_feature":"","_kad_post_feature_position":"","_kad_post_header":false,"_kad_post_footer":false,"_kad_post_classname":""},"product_brand":[],"product_cat":[21,23,20],"product_tag":[],"class_list":{"0":"post-128","1":"product","2":"type-product","3":"status-publish","4":"has-post-thumbnail","6":"product_cat-1o-y-2o","7":"product_cat-evaluacion","8":"product_cat-primaria","10":"first","11":"instock","12":"downloadable","13":"virtual","14":"taxable","15":"purchasable","16":"product-type-simple","17":"entry","18":"content-bg","19":"loop-entry"},"_links":{"self":[{"href":"https:\/\/educaresincluir.com\/en\/wp-json\/wp\/v2\/product\/128","targetHints":{"allow":["GET"]}}],"collection":[{"href":"https:\/\/educaresincluir.com\/en\/wp-json\/wp\/v2\/product"}],"about":[{"href":"https:\/\/educaresincluir.com\/en\/wp-json\/wp\/v2\/types\/product"}],"replies":[{"embeddable":true,"href":"https:\/\/educaresincluir.com\/en\/wp-json\/wp\/v2\/comments?post=128"}],"wp:featuredmedia":[{"embeddable":true,"href":"https:\/\/educaresincluir.com\/en\/wp-json\/wp\/v2\/media\/140"}],"wp:attachment":[{"href":"https:\/\/educaresincluir.com\/en\/wp-json\/wp\/v2\/media?parent=128"}],"wp:term":[{"taxonomy":"product_brand","embeddable":true,"href":"https:\/\/educaresincluir.com\/en\/wp-json\/wp\/v2\/product_brand?post=128"},{"taxonomy":"product_cat","embeddable":true,"href":"https:\/\/educaresincluir.com\/en\/wp-json\/wp\/v2\/product_cat?post=128"},{"taxonomy":"product_tag","embeddable":true,"href":"https:\/\/educaresincluir.com\/en\/wp-json\/wp\/v2\/product_tag?post=128"}],"curies":[{"name":"wp","href":"https:\/\/api.w.org\/{rel}","templated":true}]}}