{"id":116,"date":"2026-01-18T23:51:19","date_gmt":"2026-01-19T05:51:19","guid":{"rendered":"https:\/\/educaresincluir.com\/?post_type=product&#038;p=116"},"modified":"2026-01-25T11:52:43","modified_gmt":"2026-01-25T17:52:43","slug":"evaluacion-pedagogica-fase-2-preescolar","status":"publish","type":"product","link":"https:\/\/educaresincluir.com\/en\/product\/evaluacion-pedagogica-fase-2-preescolar\/","title":{"rendered":"EVALUACI\u00d3N PEDAG\u00d3GICA FASE 2 &#8211; PREESCOLAR"},"content":{"rendered":"<ul>\n<li style=\"font-weight: 400;\" aria-level=\"1\"><span style=\"font-weight: 400;\">1 cuadernillo individual de aplicaci\u00f3n de evaluaci\u00f3n.<\/span><\/li>\n<li style=\"font-weight: 400;\" aria-level=\"1\"><span style=\"font-weight: 400;\">1 listado de recomendaciones de ajustes razonables para la aplicaci\u00f3n.<\/span><\/li>\n<li style=\"font-weight: 400;\" aria-level=\"1\"><span style=\"font-weight: 400;\">Lista de progreso y de registro de aprendizajes.<\/span><\/li>\n<li style=\"font-weight: 400;\" aria-level=\"1\"><span style=\"font-weight: 400;\">Dosificaci\u00f3n de Contenidos\/PDA de la evaluaci\u00f3n.<\/span><\/li>\n<li style=\"font-weight: 400;\" aria-level=\"1\"><span style=\"font-weight: 400;\">Perfil grupal editable para llenado.<\/span><\/li>\n<\/ul>","protected":false},"excerpt":{"rendered":"<p>1 cuadernillo individual de aplicaci\u00f3n de evaluaci\u00f3n. 1 listado de recomendaciones de ajustes razonables para la aplicaci\u00f3n. Lista de progreso y de registro de aprendizajes. Dosificaci\u00f3n de Contenidos\/PDA de la evaluaci\u00f3n. Perfil grupal editable para llenado.<\/p>","protected":false},"featured_media":117,"comment_status":"open","ping_status":"closed","template":"","meta":{"_kad_post_transparent":"default","_kad_post_title":"","_kad_post_layout":"default","_kad_post_sidebar_id":"","_kad_post_content_style":"default","_kad_post_vertical_padding":"default","_kad_post_feature":"","_kad_post_feature_position":"","_kad_post_header":false,"_kad_post_footer":false,"_kad_post_classname":""},"product_brand":[],"product_cat":[24,19],"product_tag":[],"class_list":{"0":"post-116","1":"product","2":"type-product","3":"status-publish","4":"has-post-thumbnail","6":"product_cat-evaluacion-preescolar","7":"product_cat-preescolar","9":"first","10":"instock","11":"downloadable","12":"virtual","13":"taxable","14":"purchasable","15":"product-type-simple","16":"entry","17":"content-bg","18":"loop-entry"},"_links":{"self":[{"href":"https:\/\/educaresincluir.com\/en\/wp-json\/wp\/v2\/product\/116","targetHints":{"allow":["GET"]}}],"collection":[{"href":"https:\/\/educaresincluir.com\/en\/wp-json\/wp\/v2\/product"}],"about":[{"href":"https:\/\/educaresincluir.com\/en\/wp-json\/wp\/v2\/types\/product"}],"replies":[{"embeddable":true,"href":"https:\/\/educaresincluir.com\/en\/wp-json\/wp\/v2\/comments?post=116"}],"wp:featuredmedia":[{"embeddable":true,"href":"https:\/\/educaresincluir.com\/en\/wp-json\/wp\/v2\/media\/117"}],"wp:attachment":[{"href":"https:\/\/educaresincluir.com\/en\/wp-json\/wp\/v2\/media?parent=116"}],"wp:term":[{"taxonomy":"product_brand","embeddable":true,"href":"https:\/\/educaresincluir.com\/en\/wp-json\/wp\/v2\/product_brand?post=116"},{"taxonomy":"product_cat","embeddable":true,"href":"https:\/\/educaresincluir.com\/en\/wp-json\/wp\/v2\/product_cat?post=116"},{"taxonomy":"product_tag","embeddable":true,"href":"https:\/\/educaresincluir.com\/en\/wp-json\/wp\/v2\/product_tag?post=116"}],"curies":[{"name":"wp","href":"https:\/\/api.w.org\/{rel}","templated":true}]}}